{"id":51,"date":"2014-12-15T10:18:51","date_gmt":"2014-12-15T10:18:51","guid":{"rendered":"http:\/\/hometown-fresh.loc\/?page_id=51"},"modified":"2014-12-15T10:18:51","modified_gmt":"2014-12-15T10:18:51","slug":"full-width","status":"publish","type":"page","link":"https:\/\/www.prodajanekretnina.me\/en\/pages\/full-width\/","title":{"rendered":"FULL WIDTH"},"content":{"rendered":"<p>Tart donut gummi bears unerdwear.com tootsie roll <a href=\"#\">chocolate bar<\/a> gummi bears bear claw. Apple pie tart chocolate cake jelly beans. Unerdwear.com drag\u00e9e sweet muffin icing macaroon. Jelly marzipan toffee cotton candy sweet roll. Jelly croissant jujubes carrot cake marshmallow donut biscuit wafer marzipan. Muffin pastry jujubes donut pastry chocolate bar cake candy chocolate. Dessert donut sugar plum gingerbread sweet souffl\u00e9 croissant.<\/p>\n<ul>\n<li>Lemon drops tootsie roll chupa chups unerdwear.com chocolate cake.<\/li>\n<li>Pastry halvah toffee ice cream. Bonbon powder icing halvah pie gummies sweet chupa chups<\/li>\n<li>Sesame snaps oat cake sugar plum tart oat cake toffee caramels tart lollipop.<\/li>\n<\/ul>\n<p>Chocolate jelly danish tart macaroon lollipop tiramisu danish. Cotton candy macaroon fruitcake wafer cookie halvah tootsie roll croissant. Lemon drops tootsie roll chupa chups unerdwear.com chocolate cake. Sesame snaps oat cake sugar plum tart oat cake toffee caramels tart lollipop. Pastry halvah toffee ice cream. Bonbon powder icing halvah pie gummies sweet chupa chups.<\/p>\n<ol>\n<li>Lemon drops tootsie roll chupa chups unerdwear.com chocolate cake.<\/li>\n<li>Pastry halvah toffee ice cream. Bonbon powder icing halvah pie gummies sweet chupa chups<\/li>\n<li>Sesame snaps oat cake sugar plum tart oat cake toffee caramels tart lollipop.<\/li>\n<\/ol>\n<p><strong>Fruitcake<\/strong> biscuit jujubes gummies wafer <em>chocolate<\/em> sweet roll pastry sweet. <del>Caramels<\/del> unerdwear.com jelly beans jujubes sweet sweet pudding drag\u00e9e. Sesame snaps oat cake muffin jujubes sugar plum liquorice. Cake liquorice pie. Sweet cheesecake pudding pie halvah apple pie. Icing pie cake. Pastry wafer jelly-o unerdwear.com.<\/p>\n<blockquote><p>Croissant chocolate bar candy muffin cake ice cream danish apple pie wafer. Chupa chups sweet roll bonbon tiramisu sugar plum halvah oat cake caramels souffl\u00e9.<\/p><\/blockquote>\n<p>Croissant chocolate bar candy muffin cake ice cream danish apple pie wafer. Chupa chups sweet roll bonbon tiramisu sugar plum halvah oat cake caramels souffl\u00e9. Gingerbread drag\u00e9e souffl\u00e9 lemon drops gingerbread pastry. Candy canes muffin gummi bears candy gummies powder. Unerdwear.com danish chocolate bar cookie caramels. Applicake dessert donut donut wafer cotton candy sweet croissant. Pastry pudding bear claw gummi bears.<\/p>\n","protected":false},"excerpt":{"rendered":"<p>Tart donut gummi bears unerdwear.com tootsie roll chocolate bar gummi bears bear claw. Apple pie tart chocolate cake jelly beans. Unerdwear.com drag\u00e9e sweet muffin icing macaroon. Jelly marzipan toffee cotton candy sweet roll. Jelly croissant jujubes carrot cake marshmallow donut biscuit wafer marzipan. Muffin pastry jujubes donut pastry chocolate bar cake candy chocolate. Dessert donut<\/p>\n","protected":false},"author":1,"featured_media":0,"parent":58,"menu_order":0,"comment_status":"open","ping_status":"open","template":"template-full-width.php","meta":{"footnotes":""},"class_list":["post-51","page","type-page","status-publish","hentry"],"yoast_head":"<!-- This site is optimized with the Yoast SEO plugin v27.4 - https:\/\/yoast.com\/product\/yoast-seo-wordpress\/ -->\n<title>FULL WIDTH | Prodaja nekretnina Crna Gora<\/title>\n<meta name=\"robots\" content=\"index, follow, max-snippet:-1, max-image-preview:large, max-video-preview:-1\" \/>\n<link rel=\"canonical\" href=\"https:\/\/www.prodajanekretnina.me\/en\/pages\/full-width\/\" \/>\n<meta property=\"og:locale\" content=\"en_US\" \/>\n<meta property=\"og:type\" content=\"article\" \/>\n<meta property=\"og:title\" content=\"FULL WIDTH | Prodaja nekretnina Crna Gora\" \/>\n<meta property=\"og:description\" content=\"Tart donut gummi bears unerdwear.com tootsie roll chocolate bar gummi bears bear claw. Apple pie tart chocolate cake jelly beans. Unerdwear.com drag\u00e9e sweet muffin icing macaroon. Jelly marzipan toffee cotton candy sweet roll. Jelly croissant jujubes carrot cake marshmallow donut biscuit wafer marzipan. Muffin pastry jujubes donut pastry chocolate bar cake candy chocolate. Dessert donut\" \/>\n<meta property=\"og:url\" content=\"https:\/\/www.prodajanekretnina.me\/en\/pages\/full-width\/\" \/>\n<meta property=\"og:site_name\" content=\"Prodaja nekretnina Crna Gora\" \/>\n<meta property=\"article:publisher\" content=\"https:\/\/www.facebook.com\/prodajanekretnina.me\/\" \/>\n<meta name=\"twitter:card\" content=\"summary_large_image\" \/>\n<meta name=\"twitter:site\" content=\"@nekretnina_me\" \/>\n<meta name=\"twitter:label1\" content=\"Est. reading time\" \/>\n\t<meta name=\"twitter:data1\" content=\"2 minutes\" \/>\n<script type=\"application\/ld+json\" class=\"yoast-schema-graph\">{\"@context\":\"https:\\\/\\\/schema.org\",\"@graph\":[{\"@type\":\"WebPage\",\"@id\":\"https:\\\/\\\/www.prodajanekretnina.me\\\/en\\\/pages\\\/full-width\\\/\",\"url\":\"https:\\\/\\\/www.prodajanekretnina.me\\\/en\\\/pages\\\/full-width\\\/\",\"name\":\"FULL WIDTH | Prodaja nekretnina Crna Gora\",\"isPartOf\":{\"@id\":\"https:\\\/\\\/www.prodajanekretnina.me\\\/en\\\/#website\"},\"datePublished\":\"2014-12-15T10:18:51+00:00\",\"breadcrumb\":{\"@id\":\"https:\\\/\\\/www.prodajanekretnina.me\\\/en\\\/pages\\\/full-width\\\/#breadcrumb\"},\"inLanguage\":\"en-US\",\"potentialAction\":[{\"@type\":\"ReadAction\",\"target\":[\"https:\\\/\\\/www.prodajanekretnina.me\\\/en\\\/pages\\\/full-width\\\/\"]}]},{\"@type\":\"BreadcrumbList\",\"@id\":\"https:\\\/\\\/www.prodajanekretnina.me\\\/en\\\/pages\\\/full-width\\\/#breadcrumb\",\"itemListElement\":[{\"@type\":\"ListItem\",\"position\":1,\"name\":\"Home\",\"item\":\"https:\\\/\\\/www.prodajanekretnina.me\\\/en\\\/\"},{\"@type\":\"ListItem\",\"position\":2,\"name\":\"PAGES\",\"item\":\"https:\\\/\\\/www.prodajanekretnina.me\\\/en\\\/pages\\\/\"},{\"@type\":\"ListItem\",\"position\":3,\"name\":\"FULL WIDTH\"}]},{\"@type\":\"WebSite\",\"@id\":\"https:\\\/\\\/www.prodajanekretnina.me\\\/en\\\/#website\",\"url\":\"https:\\\/\\\/www.prodajanekretnina.me\\\/en\\\/\",\"name\":\"Prodaja nekretnina Crna Gora\",\"description\":\"Prodaja nekretnina Crna Gora\",\"potentialAction\":[{\"@type\":\"SearchAction\",\"target\":{\"@type\":\"EntryPoint\",\"urlTemplate\":\"https:\\\/\\\/www.prodajanekretnina.me\\\/en\\\/?s={search_term_string}\"},\"query-input\":{\"@type\":\"PropertyValueSpecification\",\"valueRequired\":true,\"valueName\":\"search_term_string\"}}],\"inLanguage\":\"en-US\"}]}<\/script>\n<!-- \/ Yoast SEO plugin. -->","yoast_head_json":{"title":"FULL WIDTH | Prodaja nekretnina Crna Gora","robots":{"index":"index","follow":"follow","max-snippet":"max-snippet:-1","max-image-preview":"max-image-preview:large","max-video-preview":"max-video-preview:-1"},"canonical":"https:\/\/www.prodajanekretnina.me\/en\/pages\/full-width\/","og_locale":"en_US","og_type":"article","og_title":"FULL WIDTH | Prodaja nekretnina Crna Gora","og_description":"Tart donut gummi bears unerdwear.com tootsie roll chocolate bar gummi bears bear claw. Apple pie tart chocolate cake jelly beans. Unerdwear.com drag\u00e9e sweet muffin icing macaroon. Jelly marzipan toffee cotton candy sweet roll. Jelly croissant jujubes carrot cake marshmallow donut biscuit wafer marzipan. Muffin pastry jujubes donut pastry chocolate bar cake candy chocolate. Dessert donut","og_url":"https:\/\/www.prodajanekretnina.me\/en\/pages\/full-width\/","og_site_name":"Prodaja nekretnina Crna Gora","article_publisher":"https:\/\/www.facebook.com\/prodajanekretnina.me\/","twitter_card":"summary_large_image","twitter_site":"@nekretnina_me","twitter_misc":{"Est. reading time":"2 minutes"},"schema":{"@context":"https:\/\/schema.org","@graph":[{"@type":"WebPage","@id":"https:\/\/www.prodajanekretnina.me\/en\/pages\/full-width\/","url":"https:\/\/www.prodajanekretnina.me\/en\/pages\/full-width\/","name":"FULL WIDTH | Prodaja nekretnina Crna Gora","isPartOf":{"@id":"https:\/\/www.prodajanekretnina.me\/en\/#website"},"datePublished":"2014-12-15T10:18:51+00:00","breadcrumb":{"@id":"https:\/\/www.prodajanekretnina.me\/en\/pages\/full-width\/#breadcrumb"},"inLanguage":"en-US","potentialAction":[{"@type":"ReadAction","target":["https:\/\/www.prodajanekretnina.me\/en\/pages\/full-width\/"]}]},{"@type":"BreadcrumbList","@id":"https:\/\/www.prodajanekretnina.me\/en\/pages\/full-width\/#breadcrumb","itemListElement":[{"@type":"ListItem","position":1,"name":"Home","item":"https:\/\/www.prodajanekretnina.me\/en\/"},{"@type":"ListItem","position":2,"name":"PAGES","item":"https:\/\/www.prodajanekretnina.me\/en\/pages\/"},{"@type":"ListItem","position":3,"name":"FULL WIDTH"}]},{"@type":"WebSite","@id":"https:\/\/www.prodajanekretnina.me\/en\/#website","url":"https:\/\/www.prodajanekretnina.me\/en\/","name":"Prodaja nekretnina Crna Gora","description":"Prodaja nekretnina Crna Gora","potentialAction":[{"@type":"SearchAction","target":{"@type":"EntryPoint","urlTemplate":"https:\/\/www.prodajanekretnina.me\/en\/?s={search_term_string}"},"query-input":{"@type":"PropertyValueSpecification","valueRequired":true,"valueName":"search_term_string"}}],"inLanguage":"en-US"}]}},"_links":{"self":[{"href":"https:\/\/www.prodajanekretnina.me\/en\/wp-json\/wp\/v2\/pages\/51","targetHints":{"allow":["GET"]}}],"collection":[{"href":"https:\/\/www.prodajanekretnina.me\/en\/wp-json\/wp\/v2\/pages"}],"about":[{"href":"https:\/\/www.prodajanekretnina.me\/en\/wp-json\/wp\/v2\/types\/page"}],"author":[{"embeddable":true,"href":"https:\/\/www.prodajanekretnina.me\/en\/wp-json\/wp\/v2\/users\/1"}],"replies":[{"embeddable":true,"href":"https:\/\/www.prodajanekretnina.me\/en\/wp-json\/wp\/v2\/comments?post=51"}],"version-history":[{"count":0,"href":"https:\/\/www.prodajanekretnina.me\/en\/wp-json\/wp\/v2\/pages\/51\/revisions"}],"up":[{"embeddable":true,"href":"https:\/\/www.prodajanekretnina.me\/en\/wp-json\/wp\/v2\/pages\/58"}],"wp:attachment":[{"href":"https:\/\/www.prodajanekretnina.me\/en\/wp-json\/wp\/v2\/media?parent=51"}],"curies":[{"name":"wp","href":"https:\/\/api.w.org\/{rel}","templated":true}]}}