{"id":2577,"date":"2019-03-31T12:33:34","date_gmt":"2019-03-31T12:33:34","guid":{"rendered":"http:\/\/www.prodajanekretnina.me\/pocetna-2\/"},"modified":"2025-12-15T15:36:30","modified_gmt":"2025-12-15T13:36:30","slug":"agencija-za-nekretnine","status":"publish","type":"page","link":"https:\/\/www.prodajanekretnina.me\/ru\/","title":{"rendered":"Po\u010detna"},"content":{"rendered":"<p>[vc_row css=&#187;.vc_custom_1718225855638{background-color: #f4ebdf !important;}&#187;][vc_column][vc_text_separator title=&#187;&#187; sub_title=&#187;IZDVAJAMO&#187; sub_title_position=&#187;before&#187;][vc_empty_space height=&#187;40px&#187;][vc_property featured=&#187;1&#8243; limit=&#187;6&#8243; items=&#187;3&#8243;][vc_empty_space height=&#187;40px&#187;][vc_text_separator title=&#187;&#187; sub_title=&#187;NAJNOVIJE&#187; sub_title_position=&#187;before&#187;][vc_empty_space height=&#187;40px&#187;][vc_property limit=&#187;9&#8243; items=&#187;3&#8243;][vc_empty_space height=&#187;30px&#187;][vc_button title=&#187;Sve nekretnine&#187; icon_position=&#187;right&#187; align=&#187;center&#187; style=&#187;secondary&#187; icon=&#187;nt-icon-angle-right&#187; href=&#187;http:\/\/www.prodajanekretnina.me\/nekretnine-u-crnoj-gori\/&#187;][vc_separator][\/vc_column][\/vc_row][vc_row][vc_column][vc_text_separator title=&#187;Najnovije objave&#187;][vc_post limit=&#187;5&#8243; show_excerpt=&#187;true&#187; style=&#187;carousel&#187; interval=&#187;3000&#8243; items=&#187;3&#8243; el_class=&#187;nekretnine-post-slider&#187;][\/vc_column][\/vc_row][vc_row][vc_column][vc_text_separator title=&#187;\u010cesta pitanja&#187;][vc_toggle title=&#187;Kako izgleda proces kupovine i prodaje nekretnine u Crnoj Gori?&#187; style=&#187;arrow&#187;]<span style=\"font-weight: 400;\">Proces kupoprodaje naj\u010de\u0161\u0107e ide ovim redom:<\/span><\/p>\n<ol>\n<li style=\"font-weight: 400;\" aria-level=\"1\"><b>Izbor nekretnine<\/b><span style=\"font-weight: 400;\"> (samostalno ili preko agencije).<\/span><\/li>\n<li style=\"font-weight: 400;\" aria-level=\"1\"><b>Provjera vlasni\u0161tva i dokumentacije<\/b><span style=\"font-weight: 400;\"> &#8212; list nepokretnosti, tereti, gra\u0111evinska i upotrebna dozvola.<\/span><\/li>\n<li style=\"font-weight: 400;\" aria-level=\"1\"><b>Predugovor<\/b><span style=\"font-weight: 400;\"> (nije obavezan, ali je \u010dest) uz uplatu kapare.<\/span><\/li>\n<li style=\"font-weight: 400;\" aria-level=\"1\"><b>Glavni kupoprodajni ugovor kod notara<\/b><span style=\"font-weight: 400;\"> &#8212; obavezna notarska forma.<\/span><\/li>\n<li style=\"font-weight: 400;\" aria-level=\"1\"><b>Pla\u0107anje kupoprodajne cijene i poreza<\/b><span style=\"font-weight: 400;\">.<\/span><\/li>\n<li style=\"font-weight: 400;\" aria-level=\"1\"><b>Upis novog vlasnika u katastar<\/b><span style=\"font-weight: 400;\"> &#8212; tek tada ste formalno vlasnik.<\/span><\/li>\n<\/ol>\n<p>[\/vc_toggle][vc_toggle title=&#187;Koje poreze pla\u0107am pri kupovini i prodaji nekretnine?&#187; style=&#187;arrow&#187;]<span style=\"font-weight: 400;\">Uobi\u010dajene poreske obaveze su:<\/span><\/p>\n<ul>\n<li style=\"font-weight: 400;\" aria-level=\"1\"><b>Porez na promet nepokretnosti<\/b><span style=\"font-weight: 400;\"> (pla\u0107a kupac, 3-6% u zavisnosti od vrijednosti nekretnine).<\/span><\/li>\n<li style=\"font-weight: 400;\" aria-level=\"1\"><b>PDV (21%)<\/b><span style=\"font-weight: 400;\"> &#8212; samo kod kupovine nove nekretnine direktno od investitora; tada se <\/span><b>ne pla\u0107a<\/b><span style=\"font-weight: 400;\"> porez na promet.<\/span><\/li>\n<li style=\"font-weight: 400;\" aria-level=\"1\"><b>Porez na kapitalnu dobit (15%)<\/b><span style=\"font-weight: 400;\"> &#8212; pla\u0107a prodavac na zaradu, ako nekretninu prodaje u roku kra\u0107em od 5 godina; nakon 5 godina vlasni\u0161tva obi\u010dno postoji osloba\u0111anje.<\/span><\/li>\n<li style=\"font-weight: 400;\" aria-level=\"1\"><span style=\"font-weight: 400;\">Uz to postoji i <\/span><b>godi\u0161nji porez na imovinu<\/b><span style=\"font-weight: 400;\">, koji pla\u0107a vlasnik svake godine.<\/span><\/li>\n<\/ul>\n<p>[\/vc_toggle][vc_toggle title=&#187;\u0160ta treba da znam o kupoprodajnom ugovoru i ovjeri kod notara?&#187; style=&#187;arrow&#187;]<span style=\"font-weight: 400;\">Kupoprodajni ugovor mora biti sastavljen kao <\/span><b>notarski obra\u0111ena isprava<\/b><span style=\"font-weight: 400;\">, ina\u010de nema pravno dejstvo.<\/span><span style=\"font-weight: 400;\"><br \/>\n<\/span><span style=\"font-weight: 400;\">Ugovor obavezno sadr\u017ei:<\/span><\/p>\n<ul>\n<li style=\"font-weight: 400;\" aria-level=\"1\"><span style=\"font-weight: 400;\">ta\u010dan opis nekretnine (parcela, povr\u0161ina, adresa),<\/span><\/li>\n<li style=\"font-weight: 400;\" aria-level=\"1\"><span style=\"font-weight: 400;\">podatke o kupcu i prodavcu,<\/span><\/li>\n<li style=\"font-weight: 400;\" aria-level=\"1\"><span style=\"font-weight: 400;\">kupoprodajnu cijenu i na\u010din pla\u0107anja,<\/span><\/li>\n<li style=\"font-weight: 400;\" aria-level=\"1\"><span style=\"font-weight: 400;\">izjavu da li je nekretnina slobodna od tereta,<\/span><\/li>\n<li style=\"font-weight: 400;\" aria-level=\"1\"><span style=\"font-weight: 400;\">ko snosi poreze i tro\u0161kove.<\/span><\/li>\n<\/ul>\n<p><span style=\"font-weight: 400;\">Notar provjerava identitet stranaka, vlasni\u0161tvo u katastru i pravnu ispravnost ugovora, te vr\u0161i ovjeru. Ako stranka ne govori jezik, prisutan je sudski tuma\u010d.<\/span>[\/vc_toggle][vc_toggle title=&#187;Da li moram da anga\u017eujem agenciju za nekretnine?&#187; style=&#187;arrow&#187;]<span style=\"font-weight: 400;\">Ne, anga\u017eovanje agenta <\/span><b>nije obavezno<\/b><span style=\"font-weight: 400;\">, ali mo\u017ee biti veoma korisno.<\/span><span style=\"font-weight: 400;\"><br \/>\n<\/span><span style=\"font-weight: 400;\">Licencirana agencija mo\u017ee pomo\u0107i oko:<\/span><\/p>\n<ul>\n<li style=\"font-weight: 400;\" aria-level=\"1\"><span style=\"font-weight: 400;\">pronalaska kupca ili nekretnine,<\/span><\/li>\n<li style=\"font-weight: 400;\" aria-level=\"1\"><span style=\"font-weight: 400;\">provjere dokumentacije,<\/span><\/li>\n<li style=\"font-weight: 400;\" aria-level=\"1\"><span style=\"font-weight: 400;\">pregovora o cijeni,<\/span><\/li>\n<li style=\"font-weight: 400;\" aria-level=\"1\"><span style=\"font-weight: 400;\">organizacije potpisa kod notara i prikupljanja papira.<\/span><\/li>\n<\/ul>\n<p><span style=\"font-weight: 400;\">Proviziju agenciji pla\u0107a prodavac.<\/span>[\/vc_toggle][vc_toggle title=&#187;Mogu li stranci kupovati nekretnine u Crnoj Gori i da li mogu dobiti boravak?&#187; style=&#187;arrow&#187;]<span style=\"font-weight: 400;\">Da, <\/span><b>strani dr\u017eavljani mogu kupovati nekretnine<\/b><span style=\"font-weight: 400;\"> u Crnoj Gori:<\/span><\/p>\n<ul>\n<li style=\"font-weight: 400;\" aria-level=\"1\"><b>Stanovi i apartmani<\/b><span style=\"font-weight: 400;\"> &#8212; bez posebnih ograni\u010denja.<\/span><\/li>\n<li style=\"font-weight: 400;\" aria-level=\"1\"><b>Ku\u0107e i zemlji\u0161te<\/b><span style=\"font-weight: 400;\"> &#8212; mogu\u0107e su odre\u0111ene restrikcije, naro\u010dito za zemlji\u0161te, koje se \u010desto rje\u0161avaju preko osnivanja firme u Crnoj Gori ili provjere reciprociteta.<\/span><\/li>\n<\/ul>\n<p><span style=\"font-weight: 400;\">Vlasni\u0161tvo nad nekretninom mo\u017ee biti osnov za dobijanje <\/span><b>privremenog boravka<\/b><span style=\"font-weight: 400;\">, koji se obi\u010dno izdaje na godinu dana i mo\u017ee se obnavljati, uz ispunjenje uslova (dokaz o vlasni\u0161tvu, sredstvima, osiguranju itd.).<\/span>[\/vc_toggle][vc_toggle title=&#187;Koji su dodatni tro\u0161kovi osim cijene nekretnine?&#187; style=&#187;arrow&#187;]<span style=\"font-weight: 400;\">Pored cijene nekretnine i poreza, treba ura\u010dunati:<\/span><\/p>\n<ul>\n<li style=\"font-weight: 400;\" aria-level=\"1\"><b>Notarske takse<\/b><span style=\"font-weight: 400;\"> (zavise od vrijednosti nekretnine, naj\u010de\u0161\u0107e nekoliko stotina eura).<\/span><\/li>\n<li style=\"font-weight: 400;\" aria-level=\"1\"><b>Takse za upis u katastar<\/b><span style=\"font-weight: 400;\"> i izdavanje lista nepokretnosti (relativno simboli\u010dne).<\/span><\/li>\n<li style=\"font-weight: 400;\" aria-level=\"1\"><b>Sudskog tuma\u010da<\/b><span style=\"font-weight: 400;\"> za strane dr\u017eavljane (ako ne govore jezik).<\/span><\/li>\n<\/ul>\n<p><span style=\"font-weight: 400;\">Po potrebi: <\/span><b>advokata, geodetu<\/b><span style=\"font-weight: 400;\">, procjenitelja, tro\u0161kove stambenog kredita i kasnije osiguranje imovine.<\/span>[\/vc_toggle][vc_toggle title=&#187;Kako da provjerim ko je vlasnik i da li nekretnina ima terete?&#187; style=&#187;arrow&#187;]<span style=\"font-weight: 400;\">Osnovni dokument je <\/span><b>List nepokretnosti<\/b><span style=\"font-weight: 400;\"> iz katastra, u kojem pi\u0161e:<\/span><\/p>\n<ul>\n<li style=\"font-weight: 400;\" aria-level=\"1\"><span style=\"font-weight: 400;\">ko je vlasnik,<\/span><\/li>\n<li style=\"font-weight: 400;\" aria-level=\"1\"><span style=\"font-weight: 400;\">da li postoje hipoteke, zabilje\u017ebe sporova ili druga ograni\u010denja.<\/span><\/li>\n<\/ul>\n<p><span style=\"font-weight: 400;\">Uvijek tra\u017eite <\/span><b>svje\u017e list nepokretnosti<\/b><span style=\"font-weight: 400;\"> i, ako ne\u0161to nije jasno, konsultujte notara ili pravnika. Notar je du\u017ean da na sam dan potpisa ugovora ponovo provjeri stanje u katastru.<\/span>[\/vc_toggle][vc_toggle title=&#187;Kako se zavr\u0161ava prenos vlasni\u0161tva i upis u katastar?&#187; style=&#187;arrow&#187;]<span style=\"font-weight: 400;\">Nakon potpisa kupoprodajnog ugovora i pla\u0107enog poreza:<\/span><\/p>\n<ol>\n<li style=\"font-weight: 400;\" aria-level=\"1\"><span style=\"font-weight: 400;\">Notar ili kupac podnose zahtjev za uknji\u017ebu u katastar.<\/span><\/li>\n<li style=\"font-weight: 400;\" aria-level=\"1\"><span style=\"font-weight: 400;\">Katastru se dostavljaju: ovjeren ugovor, dokaz o pla\u0107enom porezu i li\u010dni dokumenti.<\/span><\/li>\n<li style=\"font-weight: 400;\" aria-level=\"1\"><span style=\"font-weight: 400;\">Nakon obrade predmeta, katastar donosi rje\u0161enje i upisuje kupca kao novog vlasnika.<\/span><\/li>\n<li style=\"font-weight: 400;\" aria-level=\"1\"><span style=\"font-weight: 400;\">Kupac dobija <\/span><b>novi List nepokretnosti<\/b><span style=\"font-weight: 400;\"> na svoje ime &#8212; tu je prenos vlasni\u0161tva u potpunosti zavr\u0161en.<\/span><\/li>\n<\/ol>\n<p><span style=\"font-weight: 400;\">Tek nakon uknji\u017ebe u katastar, kupac je formalno i pravno vlasnik nekretnine.<\/span>[\/vc_toggle][\/vc_column][\/vc_row]<\/p>\n","protected":false},"excerpt":{"rendered":"<p>[vc_row css=&#187;.vc_custom_1718225855638{background-color: #f4ebdf !important;}&#187;][vc_column][vc_text_separator title=&#187;&#187; sub_title=&#187;IZDVAJAMO&#187; sub_title_position=&#187;before&#187;][vc_empty_space height=&#187;40px&#187;][vc_property featured=&#187;1&#8243; limit=&#187;6&#8243; items=&#187;3&#8243;][vc_empty_space height=&#187;40px&#187;][vc_text_separator title=&#187;&#187; sub_title=&#187;NAJNOVIJE&#187; sub_title_position=&#187;before&#187;][vc_empty_space height=&#187;40px&#187;][vc_property limit=&#187;9&#8243; items=&#187;3&#8243;][vc_empty_space height=&#187;30px&#187;][vc_button title=&#187;Sve nekretnine&#187; icon_position=&#187;right&#187; align=&#187;center&#187; style=&#187;secondary&#187; icon=&#187;nt-icon-angle-right&#187; href=&#187;http:\/\/www.prodajanekretnina.me\/nekretnine-u-crnoj-gori\/&#187;][vc_separator][\/vc_column][\/vc_row][vc_row][vc_column][vc_text_separator title=&#187;Najnovije objave&#187;][vc_post limit=&#187;5&#8243; show_excerpt=&#187;true&#187; style=&#187;carousel&#187; interval=&#187;3000&#8243; items=&#187;3&#8243; el_class=&#187;nekretnine-post-slider&#187;][\/vc_column][\/vc_row][vc_row][vc_column][vc_text_separator title=&#187;\u010cesta pitanja&#187;][vc_toggle title=&#187;Kako izgleda proces kupovine i prodaje nekretnine u Crnoj Gori?&#187; style=&#187;arrow&#187;]Proces kupoprodaje naj\u010de\u0161\u0107e ide ovim redom: Izbor nekretnine (samostalno<\/p>\n","protected":false},"author":1,"featured_media":0,"parent":0,"menu_order":0,"comment_status":"closed","ping_status":"closed","template":"","meta":{"footnotes":""},"class_list":["post-2577","page","type-page","status-publish","hentry"],"yoast_head":"<!-- This site is optimized with the Yoast SEO plugin v27.4 - https:\/\/yoast.com\/product\/yoast-seo-wordpress\/ -->\n<title>Prodaja Nekretnina | Agencija za Prodaju Nekretnina Crna Gora<\/title>\n<meta name=\"description\" content=\"Agencija za prodaju nekretnina u Crnoj Gori. Profesionalni tim \u0107e vam pomo\u0107i prilikom prodaje ili kupovine nekretnine. Odli\u010dan izbor nekretretnina\" \/>\n<meta name=\"robots\" content=\"index, follow, max-snippet:-1, max-image-preview:large, max-video-preview:-1\" \/>\n<link rel=\"canonical\" href=\"https:\/\/www.prodajanekretnina.me\/ru\/\" \/>\n<meta property=\"og:locale\" content=\"ru_RU\" \/>\n<meta property=\"og:type\" content=\"article\" \/>\n<meta property=\"og:title\" content=\"Prodaja Nekretnina | Agencija za Prodaju Nekretnina Crna Gora\" \/>\n<meta property=\"og:description\" content=\"Agencija za prodaju nekretnina u Crnoj Gori. Profesionalni tim \u0107e vam pomo\u0107i prilikom prodaje ili kupovine nekretnine. Odli\u010dan izbor nekretretnina\" \/>\n<meta property=\"og:url\" content=\"https:\/\/www.prodajanekretnina.me\/ru\/\" \/>\n<meta property=\"og:site_name\" content=\"Prodaja nekretnina Crna Gora\" \/>\n<meta property=\"article:publisher\" content=\"https:\/\/www.facebook.com\/prodajanekretnina.me\/\" \/>\n<meta property=\"article:modified_time\" content=\"2025-12-15T13:36:30+00:00\" \/>\n<meta name=\"twitter:card\" content=\"summary_large_image\" \/>\n<meta name=\"twitter:site\" content=\"@nekretnina_me\" \/>\n<meta name=\"twitter:label1\" content=\"\u041f\u0440\u0438\u043c\u0435\u0440\u043d\u043e\u0435 \u0432\u0440\u0435\u043c\u044f \u0434\u043b\u044f \u0447\u0442\u0435\u043d\u0438\u044f\" \/>\n\t<meta name=\"twitter:data1\" content=\"2 \u043c\u0438\u043d\u0443\u0442\u044b\" \/>\n<script type=\"application\/ld+json\" class=\"yoast-schema-graph\">{\"@context\":\"https:\\\/\\\/schema.org\",\"@graph\":[{\"@type\":\"WebPage\",\"@id\":\"https:\\\/\\\/www.prodajanekretnina.me\\\/ru\\\/\",\"url\":\"https:\\\/\\\/www.prodajanekretnina.me\\\/ru\\\/\",\"name\":\"Prodaja Nekretnina | Agencija za Prodaju Nekretnina Crna Gora\",\"isPartOf\":{\"@id\":\"https:\\\/\\\/www.prodajanekretnina.me\\\/en\\\/#website\"},\"datePublished\":\"2019-03-31T12:33:34+00:00\",\"dateModified\":\"2025-12-15T13:36:30+00:00\",\"description\":\"Agencija za prodaju nekretnina u Crnoj Gori. Profesionalni tim \u0107e vam pomo\u0107i prilikom prodaje ili kupovine nekretnine. Odli\u010dan izbor nekretretnina\",\"breadcrumb\":{\"@id\":\"https:\\\/\\\/www.prodajanekretnina.me\\\/ru\\\/#breadcrumb\"},\"inLanguage\":\"ru-RU\",\"potentialAction\":[{\"@type\":\"ReadAction\",\"target\":[\"https:\\\/\\\/www.prodajanekretnina.me\\\/ru\\\/\"]}]},{\"@type\":\"BreadcrumbList\",\"@id\":\"https:\\\/\\\/www.prodajanekretnina.me\\\/ru\\\/#breadcrumb\",\"itemListElement\":[{\"@type\":\"ListItem\",\"position\":1,\"name\":\"Home\",\"item\":\"https:\\\/\\\/www.prodajanekretnina.me\\\/ru\\\/\"},{\"@type\":\"ListItem\",\"position\":2,\"name\":\"Po\u010detna\"}]},{\"@type\":\"WebSite\",\"@id\":\"https:\\\/\\\/www.prodajanekretnina.me\\\/en\\\/#website\",\"url\":\"https:\\\/\\\/www.prodajanekretnina.me\\\/en\\\/\",\"name\":\"Prodaja nekretnina Crna Gora\",\"description\":\"Prodaja nekretnina Crna Gora\",\"potentialAction\":[{\"@type\":\"SearchAction\",\"target\":{\"@type\":\"EntryPoint\",\"urlTemplate\":\"https:\\\/\\\/www.prodajanekretnina.me\\\/en\\\/?s={search_term_string}\"},\"query-input\":{\"@type\":\"PropertyValueSpecification\",\"valueRequired\":true,\"valueName\":\"search_term_string\"}}],\"inLanguage\":\"ru-RU\"}]}<\/script>\n<!-- \/ Yoast SEO plugin. -->","yoast_head_json":{"title":"Prodaja Nekretnina | Agencija za Prodaju Nekretnina Crna Gora","description":"Agencija za prodaju nekretnina u Crnoj Gori. Profesionalni tim \u0107e vam pomo\u0107i prilikom prodaje ili kupovine nekretnine. Odli\u010dan izbor nekretretnina","robots":{"index":"index","follow":"follow","max-snippet":"max-snippet:-1","max-image-preview":"max-image-preview:large","max-video-preview":"max-video-preview:-1"},"canonical":"https:\/\/www.prodajanekretnina.me\/ru\/","og_locale":"ru_RU","og_type":"article","og_title":"Prodaja Nekretnina | Agencija za Prodaju Nekretnina Crna Gora","og_description":"Agencija za prodaju nekretnina u Crnoj Gori. Profesionalni tim \u0107e vam pomo\u0107i prilikom prodaje ili kupovine nekretnine. Odli\u010dan izbor nekretretnina","og_url":"https:\/\/www.prodajanekretnina.me\/ru\/","og_site_name":"Prodaja nekretnina Crna Gora","article_publisher":"https:\/\/www.facebook.com\/prodajanekretnina.me\/","article_modified_time":"2025-12-15T13:36:30+00:00","twitter_card":"summary_large_image","twitter_site":"@nekretnina_me","twitter_misc":{"\u041f\u0440\u0438\u043c\u0435\u0440\u043d\u043e\u0435 \u0432\u0440\u0435\u043c\u044f \u0434\u043b\u044f \u0447\u0442\u0435\u043d\u0438\u044f":"2 \u043c\u0438\u043d\u0443\u0442\u044b"},"schema":{"@context":"https:\/\/schema.org","@graph":[{"@type":"WebPage","@id":"https:\/\/www.prodajanekretnina.me\/ru\/","url":"https:\/\/www.prodajanekretnina.me\/ru\/","name":"Prodaja Nekretnina | Agencija za Prodaju Nekretnina Crna Gora","isPartOf":{"@id":"https:\/\/www.prodajanekretnina.me\/en\/#website"},"datePublished":"2019-03-31T12:33:34+00:00","dateModified":"2025-12-15T13:36:30+00:00","description":"Agencija za prodaju nekretnina u Crnoj Gori. Profesionalni tim \u0107e vam pomo\u0107i prilikom prodaje ili kupovine nekretnine. Odli\u010dan izbor nekretretnina","breadcrumb":{"@id":"https:\/\/www.prodajanekretnina.me\/ru\/#breadcrumb"},"inLanguage":"ru-RU","potentialAction":[{"@type":"ReadAction","target":["https:\/\/www.prodajanekretnina.me\/ru\/"]}]},{"@type":"BreadcrumbList","@id":"https:\/\/www.prodajanekretnina.me\/ru\/#breadcrumb","itemListElement":[{"@type":"ListItem","position":1,"name":"Home","item":"https:\/\/www.prodajanekretnina.me\/ru\/"},{"@type":"ListItem","position":2,"name":"Po\u010detna"}]},{"@type":"WebSite","@id":"https:\/\/www.prodajanekretnina.me\/en\/#website","url":"https:\/\/www.prodajanekretnina.me\/en\/","name":"Prodaja nekretnina Crna Gora","description":"Prodaja nekretnina Crna Gora","potentialAction":[{"@type":"SearchAction","target":{"@type":"EntryPoint","urlTemplate":"https:\/\/www.prodajanekretnina.me\/en\/?s={search_term_string}"},"query-input":{"@type":"PropertyValueSpecification","valueRequired":true,"valueName":"search_term_string"}}],"inLanguage":"ru-RU"}]}},"_links":{"self":[{"href":"https:\/\/www.prodajanekretnina.me\/ru\/wp-json\/wp\/v2\/pages\/2577","targetHints":{"allow":["GET"]}}],"collection":[{"href":"https:\/\/www.prodajanekretnina.me\/ru\/wp-json\/wp\/v2\/pages"}],"about":[{"href":"https:\/\/www.prodajanekretnina.me\/ru\/wp-json\/wp\/v2\/types\/page"}],"author":[{"embeddable":true,"href":"https:\/\/www.prodajanekretnina.me\/ru\/wp-json\/wp\/v2\/users\/1"}],"replies":[{"embeddable":true,"href":"https:\/\/www.prodajanekretnina.me\/ru\/wp-json\/wp\/v2\/comments?post=2577"}],"version-history":[{"count":279,"href":"https:\/\/www.prodajanekretnina.me\/ru\/wp-json\/wp\/v2\/pages\/2577\/revisions"}],"predecessor-version":[{"id":140469,"href":"https:\/\/www.prodajanekretnina.me\/ru\/wp-json\/wp\/v2\/pages\/2577\/revisions\/140469"}],"wp:attachment":[{"href":"https:\/\/www.prodajanekretnina.me\/ru\/wp-json\/wp\/v2\/media?parent=2577"}],"curies":[{"name":"wp","href":"https:\/\/api.w.org\/{rel}","templated":true}]}}